{"id":2,"date":"2025-03-15T14:14:35","date_gmt":"2025-03-15T13:14:35","guid":{"rendered":"http:\/\/gamaylicious.eu\/?page_id=2"},"modified":"2025-03-25T19:02:56","modified_gmt":"2025-03-25T18:02:56","slug":"contact","status":"publish","type":"page","link":"https:\/\/gamaylicious.eu\/index.php\/contact\/","title":{"rendered":"Contact"},"content":{"rendered":"\n<p>Passionn\u00e9 de vins, j&rsquo;ai d\u00e9marr\u00e9 un BTSA Viticulture-\u0152nologie pour me confronter \u00e0 ce m\u00e9tier avant d&rsquo;envisager une potentielle reconversion professionnelle.<\/p>\n\n\n\n<p><a href=\"mailto:contact@gamaylicious.eu\">contact@gamaylicious.eu<\/a> <\/p>\n\n\n\n<p><a href=\"https:\/\/www.instagram.com\/gamaylicious\/\"><img loading=\"lazy\" decoding=\"async\" width=\"32\" height=\"32\" class=\"wp-image-17\" style=\"width: 32px;\" src=\"https:\/\/gamaylicious.eu\/wp-content\/uploads\/2025\/03\/instalogo.png\" alt=\"\"><\/a><\/p>\n\n\n\n<p><a href=\"https:\/\/bsky.app\/profile\/gamaylicious.bsky.social\"><img loading=\"lazy\" decoding=\"async\" width=\"32\" height=\"28\" class=\"wp-image-29\" style=\"width: 32px;\" src=\"https:\/\/gamaylicious.eu\/wp-content\/uploads\/2025\/03\/Bluesky_Logo.svg_.png\" alt=\"\" srcset=\"https:\/\/gamaylicious.eu\/wp-content\/uploads\/2025\/03\/Bluesky_Logo.svg_.png 330w, https:\/\/gamaylicious.eu\/wp-content\/uploads\/2025\/03\/Bluesky_Logo.svg_-300x265.png 300w\" sizes=\"auto, (max-width: 32px) 100vw, 32px\" \/><\/a><\/p>\n\n\n\n<p><\/p>\n","protected":false},"excerpt":{"rendered":"<p>Passionn\u00e9 de vins, j&rsquo;ai d\u00e9marr\u00e9 un BTSA Viticulture-\u0152nologie pour me confronter \u00e0 ce m\u00e9tier avant d&rsquo;envisager une potentielle reconversion professionnelle. contact@gamaylicious.eu<\/p>\n","protected":false},"author":1,"featured_media":0,"parent":0,"menu_order":0,"comment_status":"closed","ping_status":"open","template":"","meta":{"footnotes":""},"class_list":["post-2","page","type-page","status-publish","hentry"],"_links":{"self":[{"href":"https:\/\/gamaylicious.eu\/index.php\/wp-json\/wp\/v2\/pages\/2","targetHints":{"allow":["GET"]}}],"collection":[{"href":"https:\/\/gamaylicious.eu\/index.php\/wp-json\/wp\/v2\/pages"}],"about":[{"href":"https:\/\/gamaylicious.eu\/index.php\/wp-json\/wp\/v2\/types\/page"}],"author":[{"embeddable":true,"href":"https:\/\/gamaylicious.eu\/index.php\/wp-json\/wp\/v2\/users\/1"}],"replies":[{"embeddable":true,"href":"https:\/\/gamaylicious.eu\/index.php\/wp-json\/wp\/v2\/comments?post=2"}],"version-history":[{"count":10,"href":"https:\/\/gamaylicious.eu\/index.php\/wp-json\/wp\/v2\/pages\/2\/revisions"}],"predecessor-version":[{"id":33,"href":"https:\/\/gamaylicious.eu\/index.php\/wp-json\/wp\/v2\/pages\/2\/revisions\/33"}],"wp:attachment":[{"href":"https:\/\/gamaylicious.eu\/index.php\/wp-json\/wp\/v2\/media?parent=2"}],"curies":[{"name":"wp","href":"https:\/\/api.w.org\/{rel}","templated":true}]}}